{"id":1509,"date":"2020-09-21T07:12:07","date_gmt":"2020-09-21T07:12:07","guid":{"rendered":"http:\/\/kplus.snt.com.vn\/?page_id=1509"},"modified":"2020-09-21T07:12:07","modified_gmt":"2020-09-21T07:12:07","slug":"cach-kiem-tra-thong-tin-thue-bao","status":"publish","type":"page","link":"https:\/\/kplus.snt.com.vn\/index.php\/ho-tro-ky-thuat\/ho-tro-lien-quan-toi-ung-dung-k\/cach-kiem-tra-thong-tin-thue-bao\/","title":{"rendered":"C\u00e1ch ki\u1ec3m tra th\u00f4ng tin thu\u00ea bao."},"content":{"rendered":"<div id=\"display--description\" class=\"article__content color--texthead u-mbottombig\">\n<p>Kh\u00e1ch h\u00e0ng \u0111\u00e3 s\u1eed d\u1ee5ng t\u00e0i kho\u1ea3n K+ xem truy\u1ec1n h\u00ecnh tr\u1ef1c tuy\u1ebfn ho\u00e0n to\u00e0n c\u00f3 th\u1ec3 tra c\u1ee9u th\u00f4ng tin thu\u00ea bao c\u1ee7a m\u00ecnh b\u1eb1ng c\u00e1ch truy c\u1eadp website <a href=\"https:\/\/www.kplus.vn\/mykplus\/vi-vn\/manage\" rel=\"nofollow\"><strong>https:\/\/www.kplus.vn\/mykplus\/vi-vn\/manage<\/strong><\/a> v\u00e0 ch\u1ecdn m\u1ee5c &#8220;<strong>T\u00e0i kho\u1ea3n c\u1ee7a t\u00f4i<\/strong>&#8220;. C\u00e1c th\u00f4ng tin s\u1ebd bao g\u1ed3m:<\/p>\n<p>&#8211; H\u1ecd t\u00ean ch\u1ee7 thu\u00ea bao.<\/p>\n<p>&#8211; M\u00e3 s\u1ed1 \u0111\u1ea7u thu, m\u00e3 th\u1ebb K+.<\/p>\n<p>&#8211; Th\u1eddi h\u1ea1n thu\u00ea bao. T\u00ecnh tr\u1ea1ng ho\u1ea1t \u0111\u1ed9ng.<\/p>\n<p>&#8211; Thay \u0111\u1ed5i m\u1eadt kh\u1ea9u t\u00e0i kho\u1ea3n K+.<\/p>\n<p>&#8211; Thay \u0111\u1ed5i \u0111\u1ecba ch\u1ec9 email \u0111\u0103ng k\u00fd t\u00e0i kho\u1ea3n K+.<\/p>\n<p>&#8211; Xem l\u1ecbch ph\u00e1t s\u00f3ng.<\/p>\n<p>N\u1ebfu th\u1ea5y th\u00f4ng tin n\u00e0o ch\u01b0a ch\u00ednh x\u00e1c c\u1ea7n c\u1eadp nh\u1eadt kh\u00e1ch h\u00e0ng vui l\u00f2ng li\u00ean h\u1ec7 t\u1ed5ng \u0111\u00e0i 1900 1592 \u0111\u1ec3 \u0111\u01b0\u1ee3c t\u01b0 v\u1ea5n v\u00e0 h\u01b0\u1edbng d\u1eabn c\u00e1ch thay \u0111\u1ed5i th\u00f4ng tin.<\/p>\n<p><img decoding=\"async\" class=\"fr-dib fr-draggable\" src=\"https:\/\/kplus.kayako.com\/base\/media\/url\/OfIjmoDZc92ZOF8ZrIAz05iMmfMwQtkT\" \/><\/p>\n<p>L\u01b0u \u00fd: V\u1edbi t\u00e0i kho\u1ea3n K+, kh\u00e1ch h\u00e0ng s\u1ebd c\u00f3 th\u1ec3 xem tr\u00ean t\u1ed1i \u0111a tr\u00ean 04 thi\u1ebft b\u1ecb<\/p>\n<p><em>Qu\u00fd kh\u00e1ch h\u00e0ng vui l\u00f2ng b\u1ea5m v\u00e0o link sau \u0111\u1ec3 g\u1eedi \u0111\u00e1nh gi\u00e1 c\u1ee7a c\u1ee7a m\u00ecnh v\u1ec1 b\u00e0i vi\u1ebft n\u00e0y v\u00e0 trang th\u00f4ng tin h\u1ed7 tr\u1ee3 kh\u00e1ch h\u00e0ng Help Center n\u00f3i chung:<\/em><\/p>\n<p><em>\u00a0\u00dd ki\u1ebfn c\u1ee7a Qu\u00fd kh\u00e1ch r\u1ea5t quan tr\u1ecdng v\u1edbi K+. C\u1ea3m \u01a1n Qu\u00fd kh\u00e1ch!<\/em><\/p>\n<\/div>\n","protected":false},"excerpt":{"rendered":"<p>Kh\u00e1ch h\u00e0ng \u0111\u00e3 s\u1eed d\u1ee5ng t\u00e0i kho\u1ea3n K+ xem truy\u1ec1n h\u00ecnh tr\u1ef1c tuy\u1ebfn ho\u00e0n to\u00e0n c\u00f3 th\u1ec3 tra c\u1ee9u th\u00f4ng tin thu\u00ea bao c\u1ee7a m\u00ecnh b\u1eb1ng c\u00e1ch truy c\u1eadp website https:\/\/www.kplus.vn\/mykplus\/vi-vn\/manage v\u00e0 ch\u1ecdn m\u1ee5c &#8220;T\u00e0i kho\u1ea3n c\u1ee7a t\u00f4i&#8220;. C\u00e1c th\u00f4ng<\/p>\n","protected":false},"author":2,"featured_media":0,"parent":1434,"menu_order":0,"comment_status":"closed","ping_status":"closed","template":"","meta":[],"_links":{"self":[{"href":"https:\/\/kplus.snt.com.vn\/index.php\/wp-json\/wp\/v2\/pages\/1509"}],"collection":[{"href":"https:\/\/kplus.snt.com.vn\/index.php\/wp-json\/wp\/v2\/pages"}],"about":[{"href":"https:\/\/kplus.snt.com.vn\/index.php\/wp-json\/wp\/v2\/types\/page"}],"author":[{"embeddable":true,"href":"https:\/\/kplus.snt.com.vn\/index.php\/wp-json\/wp\/v2\/users\/2"}],"replies":[{"embeddable":true,"href":"https:\/\/kplus.snt.com.vn\/index.php\/wp-json\/wp\/v2\/comments?post=1509"}],"version-history":[{"count":1,"href":"https:\/\/kplus.snt.com.vn\/index.php\/wp-json\/wp\/v2\/pages\/1509\/revisions"}],"predecessor-version":[{"id":1510,"href":"https:\/\/kplus.snt.com.vn\/index.php\/wp-json\/wp\/v2\/pages\/1509\/revisions\/1510"}],"up":[{"embeddable":true,"href":"https:\/\/kplus.snt.com.vn\/index.php\/wp-json\/wp\/v2\/pages\/1434"}],"wp:attachment":[{"href":"https:\/\/kplus.snt.com.vn\/index.php\/wp-json\/wp\/v2\/media?parent=1509"}],"curies":[{"name":"wp","href":"https:\/\/api.w.org\/{rel}","templated":true}]}}