{"id":1497,"date":"2020-09-21T07:07:40","date_gmt":"2020-09-21T07:07:40","guid":{"rendered":"http:\/\/kplus.snt.com.vn\/?page_id=1497"},"modified":"2020-09-21T07:07:40","modified_gmt":"2020-09-21T07:07:40","slug":"cach-de-theo-doi-truyen-hinh-truc-tuyen-qua-ung-dung-k","status":"publish","type":"page","link":"https:\/\/kplus.snt.com.vn\/index.php\/ho-tro-ky-thuat\/ho-tro-lien-quan-toi-ung-dung-k\/cach-de-theo-doi-truyen-hinh-truc-tuyen-qua-ung-dung-k\/","title":{"rendered":"C\u00e1ch \u0111\u1ec3 theo d\u00f5i truy\u1ec1n h\u00ecnh tr\u1ef1c tuy\u1ebfn qua \u1ee9ng d\u1ee5ng K+."},"content":{"rendered":"<div id=\"display--description\" class=\"article__content color--texthead u-mbottombig\">\n<p>C\u00e1c t\u00e0i kho\u1ea3n c\u00f3 thu\u00ea bao \u0111ang c\u00f2n h\u1ea1n s\u1ebd c\u00f3 th\u1ec3 truy c\u1eadp v\u00e0o ph\u1ea7n Xem TV \u0111\u1ec3 xem c\u00e1c k\u00eanh truy\u1ec1n h\u00ecnh tr\u1ef1c tuy\u1ebfn.<\/p>\n<p><img decoding=\"async\" class=\"fr-dib fr-draggable\" src=\"https:\/\/hotro.kplus.vn\/base\/media\/url\/qv7lGP6UqXS4w9zqWUYD17dnDFzdjI5b\" \/><\/p>\n<p>\u0110\u1ed1i v\u1edbi c\u00e1c thu\u00ea bao \u0111\u00e3 h\u1ebft h\u1ea1n v\u1eabn c\u00f3 th\u1ec3 \u0111\u0103ng nh\u1eadp d\u1ecbch v\u1ee5 K+ \u0111\u1ec3 s\u1eed d\u1ee5ng c\u00e1c t\u00ednh n\u0103ng kh\u00e1c ngo\u1ea1i tr\u1eeb xem c\u00e1c n\u1ed9i dung tr\u1ea3 ph\u00ed bao g\u1ed3m: L\u1ecbch ph\u00e1t s\u00f3ng, Th\u00f4ng tin t\u00e0i kho\u1ea3n v\u00e0 H\u1ed7 tr\u1ee3, Th\u00f4ng tin K+ store v\u00e0 m\u1ed9t s\u1ed1 n\u1ed9i dung mi\u1ec5n ph\u00ed.<\/p>\n<p>Kh\u00e1ch h\u00e0ng n\u00ean s\u1eed d\u1ee5ng m\u1ea1ng internet c\u00f3 dung l\u01b0\u1ee3ng t\u1ed1i thi\u1ec3u 2.5M\/gi\u00e2y \u0111\u1ec3 \u0111\u1ea3m b\u1ea3o t\u00edn hi\u1ec7u xem \u0111\u01b0\u1ee3c t\u1ed1t. T\u1ed1c \u0111\u1ed9 \u0111\u01b0\u1eddng truy\u1ec1n c\u00e0ng cao th\u00ec ch\u1ea5t l\u01b0\u1ee3ng h\u00ecnh \u1ea3nh c\u00e0ng r\u00f5 n\u00e9t. Kh\u00e1ch h\u00e0ng n\u00ean tr\u1ea3i nghi\u1ec7m d\u1ecbch v\u1ee5 qua k\u1ebft n\u1ed1i internet thay v\u00ec k\u1ebft n\u1ed1i 3G \u0111\u1ec3 tr\u00e1nh ti\u00eau hao dung l\u01b0\u1ee3ng d\u1ecbch v\u1ee5 3G c\u1ee7a ch\u00ednh kh\u00e1ch h\u00e0ng.<\/p>\n<p>V\u1edbi c\u00f4ng ngh\u1ec7 t\u1ed1i \u01b0u ch\u1ea5t l\u01b0\u1ee3ng h\u00ecnh \u1ea3nh c\u1ee7a K+, kh\u00e1ch h\u00e0ng s\u1ebd lu\u00f4n c\u00f3 nh\u1eefng tr\u1ea3i nghi\u1ec7m h\u00ecnh \u1ea3nh ph\u00f9 h\u1ee3p v\u1edbi t\u1ed1c \u0111\u1ed9 internet \u0111ang s\u1eed d\u1ee5ng. H\u01a1n n\u1eefa, Xem truy\u1ec1n h\u00ecnh K+ tr\u1ef1c tuy\u1ebfn s\u1ebd kh\u00f4ng b\u1ecb \u1ea3nh h\u01b0\u1edfng b\u1edfi y\u1ebfu t\u1ed1 th\u1eddi ti\u1ebft n\u00ean r\u1ea5t ph\u00f9 h\u1ee3p cho m\u1ecdi \u0111\u1ed1i t\u01b0\u1ee3ng kh\u00e1ch h\u00e0ng c\u00f3 nhu c\u1ea7u xem truy\u1ec1n h\u00ecnh trong m\u1ecdi ho\u00e0n c\u1ea3nh.<\/p>\n<p><em>Qu\u00fd kh\u00e1ch h\u00e0ng vui l\u00f2ng b\u1ea5m v\u00e0o link sau \u0111\u1ec3 g\u1eedi \u0111\u00e1nh gi\u00e1 c\u1ee7a c\u1ee7a m\u00ecnh v\u1ec1 b\u00e0i vi\u1ebft n\u00e0y v\u00e0 trang th\u00f4ng tin h\u1ed7 tr\u1ee3 kh\u00e1ch h\u00e0ng Help Center n\u00f3i chung:<\/em><\/p>\n<p><em>\u00a0\u00dd ki\u1ebfn c\u1ee7a Qu\u00fd kh\u00e1ch r\u1ea5t quan tr\u1ecdng v\u1edbi K+. C\u1ea3m \u01a1n Qu\u00fd kh\u00e1ch!<\/em><\/p>\n<\/div>\n","protected":false},"excerpt":{"rendered":"<p>C\u00e1c t\u00e0i kho\u1ea3n c\u00f3 thu\u00ea bao \u0111ang c\u00f2n h\u1ea1n s\u1ebd c\u00f3 th\u1ec3 truy c\u1eadp v\u00e0o ph\u1ea7n Xem TV \u0111\u1ec3 xem c\u00e1c k\u00eanh truy\u1ec1n h\u00ecnh tr\u1ef1c tuy\u1ebfn. \u0110\u1ed1i v\u1edbi c\u00e1c thu\u00ea bao \u0111\u00e3 h\u1ebft h\u1ea1n v\u1eabn c\u00f3 th\u1ec3 \u0111\u0103ng nh\u1eadp d\u1ecbch<\/p>\n","protected":false},"author":2,"featured_media":0,"parent":1434,"menu_order":0,"comment_status":"closed","ping_status":"closed","template":"","meta":[],"_links":{"self":[{"href":"https:\/\/kplus.snt.com.vn\/index.php\/wp-json\/wp\/v2\/pages\/1497"}],"collection":[{"href":"https:\/\/kplus.snt.com.vn\/index.php\/wp-json\/wp\/v2\/pages"}],"about":[{"href":"https:\/\/kplus.snt.com.vn\/index.php\/wp-json\/wp\/v2\/types\/page"}],"author":[{"embeddable":true,"href":"https:\/\/kplus.snt.com.vn\/index.php\/wp-json\/wp\/v2\/users\/2"}],"replies":[{"embeddable":true,"href":"https:\/\/kplus.snt.com.vn\/index.php\/wp-json\/wp\/v2\/comments?post=1497"}],"version-history":[{"count":1,"href":"https:\/\/kplus.snt.com.vn\/index.php\/wp-json\/wp\/v2\/pages\/1497\/revisions"}],"predecessor-version":[{"id":1498,"href":"https:\/\/kplus.snt.com.vn\/index.php\/wp-json\/wp\/v2\/pages\/1497\/revisions\/1498"}],"up":[{"embeddable":true,"href":"https:\/\/kplus.snt.com.vn\/index.php\/wp-json\/wp\/v2\/pages\/1434"}],"wp:attachment":[{"href":"https:\/\/kplus.snt.com.vn\/index.php\/wp-json\/wp\/v2\/media?parent=1497"}],"curies":[{"name":"wp","href":"https:\/\/api.w.org\/{rel}","templated":true}]}}