{"id":1369,"date":"2020-09-21T05:32:54","date_gmt":"2020-09-21T05:32:54","guid":{"rendered":"http:\/\/kplus.snt.com.vn\/?page_id=1369"},"modified":"2020-09-21T05:32:54","modified_gmt":"2020-09-21T05:32:54","slug":"ung-dung-k-la-gi","status":"publish","type":"page","link":"http:\/\/kplus.snt.com.vn\/index.php\/hoi-dap\/ung-dung-k-la-gi\/","title":{"rendered":"\u1ee8ng d\u1ee5ng K+ l\u00e0 g\u00ec?"},"content":{"rendered":"<p>K+ l\u00e0 \u1ee9ng d\u1ee5ng xem truy\u1ec1n h\u00ecnh tr\u1ef1c tuy\u1ebfn c\u1ee7a Truy\u1ec1n h\u00ecnh K+. C\u00e1c kh\u00e1ch h\u00e0ng \u0111ang s\u1eed d\u1ee5ng g\u00f3i c\u01b0\u1edbc Premium+ (l\u1eafp ch\u1ea3o v\u00e0 \u0111\u1ea7u thu v\u1ec7 tinh K+) ho\u1eb7c TV BOX (xem truy\u1ec1n h\u00ecnh qua k\u1ebft n\u1ed1i m\u1ea1ng internet) \u0111\u01b0\u1ee3c \u0111\u0103ng k\u00fd v\u00e0 s\u1eed d\u1ee5ng \u1ee9ng d\u1ee5ng K+ <strong>MI\u1ec4N PH\u00cd<\/strong> \u0111\u1ec3 xem truy\u1ec1n h\u00ecnh tr\u1ef1c tuy\u1ebfn tr\u00ean c\u00e1c thi\u1ebft b\u1ecb c\u00f3 k\u1ebft n\u1ed1i internet nh\u01b0 m\u00e1y t\u00ednh, m\u00e1y t\u00ednh b\u1ea3ng v\u00e0 \u0111i\u1ec7n tho\u1ea1i th\u00f4ng minh (Android v\u00e0 iOS).<br \/>\nC\u00e1c kh\u00e1ch h\u00e0ng kh\u00f4ng l\u1eafp ch\u1ea3o v\u00e0 \u0111\u1ea7u thu K+ v\u1eabn c\u00f3 th\u1ec3 xem truy\u1ec1n h\u00ecnh K+ b\u1eb1ng c\u00e1ch c\u00e0i \u0111\u1eb7t \u1ee9ng d\u1ee5ng v\u00e0 \u0111\u0103ng k\u00fd g\u00f3i thu\u00ea bao tr\u1ef1c ti\u1ebfp tr\u00ean \u1ee9ng d\u1ee5ng ho\u1eb7c t\u1ea1i website www.kplus.vn<br \/>\nQua app K+, kh\u00e1ch h\u00e0ng c\u00f3 th\u1ec3 xem tr\u1ecdn v\u1eb9n tr\u1ef1c ti\u1ebfp c\u00e1c tr\u1eadn \u0111\u1ea5u thu\u1ed9c gi\u1ea3i Ngo\u1ea1i h\u1ea1ng Anh \u0111\u1ed9c quy\u1ec1n to\u00e0n b\u1ed9 3 m\u00f9a 2019-2022, Champions League v\u00e0 Europa League \u0111\u1ed9c quy\u1ec1n t\u1eeb nay t\u1edbi 2021, gi\u1ea3i Tennis ATP World Tour, gi\u1ea3i golf PGA Tournaments, c\u00e1c gi\u1ea3i \u0111ua xe IndyCar, phim Vi\u1ec7t m\u1edbi nh\u1ea5t sau khi ra r\u1ea1p, s\u00ea-ri phim truy\u1ec1n h\u00ecnh m\u1edbi v\u00e0 n\u1ed5i ti\u1ebfng th\u1ebf gi\u1edbi c\u0169ng nh\u01b0 c\u00e1c n\u1ed9i dung h\u1ea5p d\u1eabn kh\u00e1c tr\u00ean 4 k\u00eanh K+ v\u00e0 h\u01a1n 100 k\u00eanh truy\u1ec1n h\u00ecnh trong n\u01b0\u1edbc v\u00e0 qu\u1ed1c t\u1ebf.<\/p>\n","protected":false},"excerpt":{"rendered":"<p>K+ l\u00e0 \u1ee9ng d\u1ee5ng xem truy\u1ec1n h\u00ecnh tr\u1ef1c tuy\u1ebfn c\u1ee7a Truy\u1ec1n h\u00ecnh K+. C\u00e1c kh\u00e1ch h\u00e0ng \u0111ang s\u1eed d\u1ee5ng g\u00f3i c\u01b0\u1edbc Premium+ (l\u1eafp ch\u1ea3o v\u00e0 \u0111\u1ea7u thu v\u1ec7 tinh K+) ho\u1eb7c TV BOX (xem truy\u1ec1n h\u00ecnh qua k\u1ebft n\u1ed1i m\u1ea1ng<\/p>\n","protected":false},"author":2,"featured_media":0,"parent":1342,"menu_order":0,"comment_status":"closed","ping_status":"closed","template":"","meta":[],"_links":{"self":[{"href":"http:\/\/kplus.snt.com.vn\/index.php\/wp-json\/wp\/v2\/pages\/1369"}],"collection":[{"href":"http:\/\/kplus.snt.com.vn\/index.php\/wp-json\/wp\/v2\/pages"}],"about":[{"href":"http:\/\/kplus.snt.com.vn\/index.php\/wp-json\/wp\/v2\/types\/page"}],"author":[{"embeddable":true,"href":"http:\/\/kplus.snt.com.vn\/index.php\/wp-json\/wp\/v2\/users\/2"}],"replies":[{"embeddable":true,"href":"http:\/\/kplus.snt.com.vn\/index.php\/wp-json\/wp\/v2\/comments?post=1369"}],"version-history":[{"count":1,"href":"http:\/\/kplus.snt.com.vn\/index.php\/wp-json\/wp\/v2\/pages\/1369\/revisions"}],"predecessor-version":[{"id":1370,"href":"http:\/\/kplus.snt.com.vn\/index.php\/wp-json\/wp\/v2\/pages\/1369\/revisions\/1370"}],"up":[{"embeddable":true,"href":"http:\/\/kplus.snt.com.vn\/index.php\/wp-json\/wp\/v2\/pages\/1342"}],"wp:attachment":[{"href":"http:\/\/kplus.snt.com.vn\/index.php\/wp-json\/wp\/v2\/media?parent=1369"}],"curies":[{"name":"wp","href":"https:\/\/api.w.org\/{rel}","templated":true}]}}